{"id":3,"date":"2022-08-31T20:19:20","date_gmt":"2022-09-01T01:19:20","guid":{"rendered":"https:\/\/monnetpayments.com\/?page_id=3"},"modified":"2023-08-18T11:05:19","modified_gmt":"2023-08-18T16:05:19","slug":"politica-privacidad","status":"publish","type":"page","link":"https:\/\/monnetpayments.com\/en\/politica-privacidad\/","title":{"rendered":"Pol\u00edtica de Privacidad"},"content":{"rendered":"<div data-elementor-type=\"wp-page\" data-elementor-id=\"3\" class=\"elementor elementor-3\" data-elementor-post-type=\"page\">\n\t\t\t\t\t\t<section class=\"elementor-section elementor-top-section elementor-element elementor-element-3bf0a56e elementor-section-full_width elementor-section-height-min-height elementor-section-content-middle elementor-section-height-default elementor-section-items-middle\" data-id=\"3bf0a56e\" data-element_type=\"section\" data-e-type=\"section\" data-settings=\"{&quot;background_background&quot;:&quot;classic&quot;}\">\n\t\t\t\t\t\t\t<div class=\"elementor-background-overlay\"><\/div>\n\t\t\t\t\t\t\t<div class=\"elementor-container elementor-column-gap-default\">\n\t\t\t\t\t<div class=\"elementor-column elementor-col-100 elementor-top-column elementor-element elementor-element-7d7ffd8 col-right\" data-id=\"7d7ffd8\" data-element_type=\"column\" data-e-type=\"column\" data-settings=\"{&quot;background_background&quot;:&quot;classic&quot;}\">\n\t\t\t<div class=\"elementor-widget-wrap elementor-element-populated\">\n\t\t\t\t\t\t<section class=\"elementor-section elementor-inner-section elementor-element elementor-element-65207c1d elementor-section-boxed elementor-section-height-default elementor-section-height-default\" data-id=\"65207c1d\" data-element_type=\"section\" data-e-type=\"section\">\n\t\t\t\t\t\t<div class=\"elementor-container elementor-column-gap-default\">\n\t\t\t\t\t<div class=\"elementor-column elementor-col-50 elementor-inner-column elementor-element elementor-element-2084067e\" data-id=\"2084067e\" data-element_type=\"column\" data-e-type=\"column\">\n\t\t\t<div class=\"elementor-widget-wrap\">\n\t\t\t\t\t\t\t<\/div>\n\t\t<\/div>\n\t\t\t\t<div class=\"elementor-column elementor-col-50 elementor-inner-column elementor-element elementor-element-3d35ba57 elementor-invisible\" data-id=\"3d35ba57\" data-element_type=\"column\" data-e-type=\"column\" data-settings=\"{&quot;animation&quot;:&quot;fadeInRight&quot;}\">\n\t\t\t<div class=\"elementor-widget-wrap elementor-element-populated\">\n\t\t\t\t\t\t<div class=\"elementor-element elementor-element-633c367d elementor-widget elementor-widget-heading\" data-id=\"633c367d\" data-element_type=\"widget\" data-e-type=\"widget\" data-widget_type=\"heading.default\">\n\t\t\t\t<div class=\"elementor-widget-container\">\n\t\t\t\t\t<h2 class=\"elementor-heading-title elementor-size-default\">WEB PRIVACY<br>POLICY<\/h2>\t\t\t\t<\/div>\n\t\t\t\t<\/div>\n\t\t\t\t<div class=\"elementor-element elementor-element-7ade52e6 elementor-widget-divider--view-line elementor-widget elementor-widget-divider\" data-id=\"7ade52e6\" data-element_type=\"widget\" data-e-type=\"widget\" data-widget_type=\"divider.default\">\n\t\t\t\t<div class=\"elementor-widget-container\">\n\t\t\t\t\t\t\t<div class=\"elementor-divider\">\n\t\t\t<span class=\"elementor-divider-separator\">\n\t\t\t\t\t\t<\/span>\n\t\t<\/div>\n\t\t\t\t\t\t<\/div>\n\t\t\t\t<\/div>\n\t\t\t\t\t<\/div>\n\t\t<\/div>\n\t\t\t\t\t<\/div>\n\t\t<\/section>\n\t\t\t\t\t<\/div>\n\t\t<\/div>\n\t\t\t\t\t<\/div>\n\t\t<\/section>\n\t\t\t\t<section class=\"elementor-section elementor-top-section elementor-element elementor-element-730d51d1 elementor-section-boxed elementor-section-height-default elementor-section-height-default\" data-id=\"730d51d1\" data-element_type=\"section\" data-e-type=\"section\">\n\t\t\t\t\t\t<div class=\"elementor-container elementor-column-gap-default\">\n\t\t\t\t\t<div class=\"elementor-column elementor-col-100 elementor-top-column elementor-element elementor-element-d8379f7\" data-id=\"d8379f7\" data-element_type=\"column\" data-e-type=\"column\">\n\t\t\t<div class=\"elementor-widget-wrap elementor-element-populated\">\n\t\t\t\t\t\t<div class=\"elementor-element elementor-element-1069ac1f elementor-widget elementor-widget-text-editor\" data-id=\"1069ac1f\" data-element_type=\"widget\" data-e-type=\"widget\" data-widget_type=\"text-editor.default\">\n\t\t\t\t<div class=\"elementor-widget-container\">\n\t\t\t\t\t\t\t\t\t<p><\/p>\n<p><span style=\"font-weight: 400;\">This web Privacy Policy applies to the following companies that make up the Monnet group (\"Monnet Group\"), made up of:<\/span><span style=\"font-weight: 400;\">Monnet Group<\/span><span style=\"font-weight: 400;\">\u201d), conformado por:<\/span><\/p>\n<ul>\n<li style=\"font-weight: 400;\" aria-level=\"1\"><span style=\"font-weight: 400;\">Noladril S.A., with address at Calle Circunvalaci\u00f3n Durango N\u00b0 1429, apartment 2D, Uruguay.<\/span><\/li>\n<li style=\"font-weight: 400;\" aria-level=\"1\"><span style=\"font-weight: 400;\">Monnet Payments S.L., with registered office in Madrid (28.001), Calle Castell\u00f3 66, 3\u00b0 A, Spain.<\/span><\/li>\n<li aria-level=\"1\">Monnet pagos en l\u00ednea S.A.C., con domicilio en la avenida Del Pinar Nro. 110 Int. 205&nbsp;Urb. Chacarilla Del Estanque &#8211; Santiago de Surco, Lima.<\/li>\n<\/ul>\n<p><b>&nbsp;<\/b><\/p>\n<p><b>OBJECTIVE&nbsp;<\/b><\/p>\n<p><span style=\"font-weight: 400;\">The Monnet Group, in accordance with the provisions of the Law on the Protection of Personal Data (Law No. 29733) and its Regulations approved by D.S. 003-2013-JUS, implements this policy to comply with its legal obligations generated by the processing of users' personal data when they register their information on the Monnet Group's website.&nbsp;<\/span><\/p>\n<p><\/p>\n<p><span style=\"font-weight: 400;\">Users are not obliged to provide their personal data; but, if you do not deliver your personal data to the Monnet Group, the latter will not be able to adequately provide information and \/ or proposals about its services and \/ or products.&nbsp;<\/span><\/p>\n<p><\/p>\n<p><span style=\"font-weight: 400;\">Consequently, the Monnet Group will only use the user's information to answer your queries and send you information that you have requested or have indicated that you are interested in, in accordance with the corresponding legislation.<\/span><\/p>\n<p><span style=\"font-weight: 400;\">&nbsp;<\/span><\/p>\n<p><\/p>\n<p><b>WHAT INFORMATION DO WE COLLECT?<\/b><\/p>\n<p><span class=\"ContentPasted0\">The Monnet Group only receives and stores information that the user enters the website, such as their names, surnames, and email. This list is not exhaustive, but merely enunciative of the other information that the Monnet Group may obtain from the client, in compliance with the applicable legislation.&nbsp;<\/span><\/p>\n<p class=\"ContentPasted0\">\n<\/p><p><span class=\"ContentPasted0\">La informaci\u00f3n ser\u00e1 almacenada en el Banco de Datos Personales del Grupo Monnet, durante todo el plazo de vigencia de la relaci\u00f3n jur\u00eddica y\/o cualquier tipo de vinculaci\u00f3n entre el titular de los datos personales y el Grupo Monnet, salvo las&nbsp;limitaciones al consentimiento para el tratamiento de datos personales y\/o sensibles&nbsp;previstas en la Ley de Protecci\u00f3n de Datos Personales (Ley N\u00b0 29733), su Reglamento aprobado por D.S. 003-2013-JUS, normas complementarias y\/o los derechos ARCO<\/span><span class=\"ContentPasted0\">.<\/span><\/p>\n<p><span class=\"ContentPasted0\">&nbsp;<\/span><\/p>\n<p><span class=\"ContentPasted0\">Al facilitar estos datos personales, el usuario otorga el consentimiento para que su&nbsp;informaci\u00f3n sea recopilada, conservada, registrada, bloqueada, transferida, almacenada,&nbsp;difundida, suprimida, consultada y organizada por el Grupo Monnet, de acuerdo con la presente&nbsp;Pol\u00edtica de Privacidad Web.<\/span><\/p>\n<p><span class=\"ContentPasted0\">&nbsp;<\/span><\/p>\n<p><\/p>\n<p><b>PURPOSE OF THE INFORMATION COLLECTED<\/b><\/p>\n<p><span style=\"font-weight: 400;\">Under no circumstances will the information collected, through the website, be treated differently from those for which it was obtained.&nbsp;<\/span><\/p>\n<p><span style=\"font-weight: 400;\">The information collected by the Monnet Group website will be used for the following purposes:&nbsp;<\/span><\/p>\n<ul>\n<li style=\"font-weight: 400;\" aria-level=\"1\"><span style=\"font-weight: 400;\">Provide information, services and \/ or products of the Monnet Group to web users.&nbsp;<\/span><\/li>\n<li style=\"font-weight: 400;\" aria-level=\"1\"><span style=\"font-weight: 400;\">Respond to messages, requests and\/or concerns arising from the information contained on the Monnet Group website.&nbsp;<\/span><\/li>\n<li style=\"font-weight: 400;\" aria-level=\"1\"><span style=\"font-weight: 400;\">Transfer the information within the Monnet Group, when necessary.<\/span><\/li>\n<\/ul>\n<div>&nbsp;<\/div>\n<p><b>WHO ACCESSES THE INFORMATION COLLECTED BY THE WEBSITE?<\/b><\/p>\n<p><span style=\"font-weight: 400;\">To comply with the purposes indicated in the preceding item, the information collected by the website will be shared only within the Monnet Group, which implies, if necessary, the international transfer of said information.&nbsp;<\/span><\/p>\n<p><span style=\"font-weight: 400;\">&nbsp;<\/span><\/p>\n<p><\/p>\n<p><b>RIGHTS AND OBLIGATIONS OF USERS<\/b><\/p>\n<p><span style=\"font-weight: 400;\">The rights of users, in relation to the information collected by the website, are indicated in the Law on Protection of Personal Data (Law No. 29733) and its Regulations approved by D.S. 003-2013-JUS.&nbsp;<\/span><\/p>\n<p><span style=\"font-weight: 400;\">Without prejudice to the above, the user may be contacted in the \"Contact us\" section in case he requires that any of his following rights, in accordance with the rules indicated, be attended:&nbsp;<\/span><\/p>\n<ul>\n<li style=\"font-weight: 400;\" aria-level=\"1\"><span style=\"font-weight: 400;\">Right to information.&nbsp;<\/span><\/li>\n<li style=\"font-weight: 400;\" aria-level=\"1\"><span style=\"font-weight: 400;\">Right of revocation.<\/span><\/li>\n<li style=\"font-weight: 400;\" aria-level=\"1\"><span style=\"font-weight: 400;\"><span style=\"font-weight: 400;\">Right of access, rectification, cancellation, and opposition.<\/span><\/span>\n<p><\/p>\n<\/li>\n<\/ul>\n<p><span style=\"font-weight: 400;\">El usuario se compromete a que los datos entregados al Grupo Monnet sean&nbsp;correctos, completos, exactos y vigentes, as\u00ed como a mantenerlos debidamente&nbsp;actualizados.<\/span><\/p>\n<p><span style=\"font-weight: 400;\">El usuario del sitio web es el \u00fanico responsable de la veracidad y correcci\u00f3n de los datos que entregue al sitio exonerando al Grupo Monnet de cualquier responsabilidad al&nbsp;respecto.<\/span><\/p>\n<p><span style=\"font-weight: 400;\">&nbsp;<\/span><\/p>\n<p><\/p>\n<p><b>MINORS<\/b><\/p>\n<p><span style=\"font-weight: 400;\">Si alg\u00fan menor de edad&nbsp;ingresa datos personales a trav\u00e9s de nuestro sitio web, deber\u00e1 solicitar el permiso&nbsp;correspondiente a sus padres, tutores o representantes legales, quienes ser\u00e1n&nbsp;considerados responsables de todos los actos realizados por los menores a su cargo.<\/span><\/p>\n<p><span style=\"font-weight: 400;\">&nbsp;<\/span><\/p>\n<p><\/p>\n<p><b>USE OF COOKIES&nbsp;<\/b><\/p>\n<p><span style=\"font-weight: 400;\">The Monnet Group uses cookies to store information sheets in the browser used by the website while the user is on it; in addition, it allows the Monnet Group site to function more efficiently and allows the Monnet Group to be provided with website information.&nbsp;<\/span><\/p>\n<p><span style=\"font-weight: 400;\">El usuario puede permitir, bloquear o eliminar las cookies instaladas en su equipo en cualquier momento a trav\u00e9s de las opciones que pone a su disposici\u00f3n el navegador que&nbsp;utiliza; sin embargo, debe tener en cuenta que si deshabilita la totalidad de las cookies algunas&nbsp;funcionalidades o contenidos del sitio web del Grupo Monnet pueden verse afectadas.<\/span><\/p>\n<p><span style=\"font-weight: 400;\">&nbsp;<\/span><\/p>\n<p><\/p>\n<p><b>MODIFICATIONS AND\/OR UPDATES&nbsp;<\/b><\/p>\n<p><span style=\"font-weight: 400;\">El Grupo Monnet podr\u00e1 modificar y\/o&nbsp;actualizar esta Pol\u00edtica de Privacidad, ya sea para adaptarla a futuros cambios normativos,&nbsp;implementar mejores pr\u00e1cticas, brindar una mejor calidad de servicio o comunicar nuevas&nbsp;alternativas relacionadas al presente documento. Por favor, verifique estos t\u00e9rminos&nbsp;regularmente para consultar los cambios que puedan haber existido y de qu\u00e9 manera le&nbsp;pueden afectar.<\/span><\/p>\n<p><\/p>\t\t\t\t\t\t\t\t<\/div>\n\t\t\t\t<\/div>\n\t\t\t\t\t<\/div>\n\t\t<\/div>\n\t\t\t\t\t<\/div>\n\t\t<\/section>\n\t\t\t\t<\/div>","protected":false},"excerpt":{"rendered":"<p>POL\u00cdTICAS DE PRIVACIDAD La presente Pol\u00edtica de Privacidad web, aplica para las siguientes empresas que integran el grupo Monnet (\u201cGrupo Monnet\u201d), conformado por: Noladril S.A., con domicilio en la calle Circunvalaci\u00f3n Durango N\u00b0 1429, apartamento 2D, Uruguay. Monnet Payments S.L., con domicilio en Madrid (28.001), Calle Castell\u00f3 66, 3\u00b0 A, Espa\u00f1a. Monnet pagos en l\u00ednea [&hellip;]<\/p>","protected":false},"author":6,"featured_media":0,"parent":0,"menu_order":0,"comment_status":"closed","ping_status":"open","template":"","meta":{"_acf_changed":false,"footnotes":""},"class_list":["post-3","page","type-page","status-publish","hentry"],"acf":[],"_links":{"self":[{"href":"https:\/\/monnetpayments.com\/en\/wp-json\/wp\/v2\/pages\/3","targetHints":{"allow":["GET"]}}],"collection":[{"href":"https:\/\/monnetpayments.com\/en\/wp-json\/wp\/v2\/pages"}],"about":[{"href":"https:\/\/monnetpayments.com\/en\/wp-json\/wp\/v2\/types\/page"}],"author":[{"embeddable":true,"href":"https:\/\/monnetpayments.com\/en\/wp-json\/wp\/v2\/users\/6"}],"replies":[{"embeddable":true,"href":"https:\/\/monnetpayments.com\/en\/wp-json\/wp\/v2\/comments?post=3"}],"version-history":[{"count":28,"href":"https:\/\/monnetpayments.com\/en\/wp-json\/wp\/v2\/pages\/3\/revisions"}],"predecessor-version":[{"id":5970,"href":"https:\/\/monnetpayments.com\/en\/wp-json\/wp\/v2\/pages\/3\/revisions\/5970"}],"wp:attachment":[{"href":"https:\/\/monnetpayments.com\/en\/wp-json\/wp\/v2\/media?parent=3"}],"curies":[{"name":"wp","href":"https:\/\/api.w.org\/{rel}","templated":true}]}}