{"id":3748,"date":"2022-09-20T17:18:56","date_gmt":"2022-09-20T22:18:56","guid":{"rendered":"https:\/\/monnetpayments.com\/?page_id=3748"},"modified":"2022-10-14T00:55:38","modified_gmt":"2022-10-14T05:55:38","slug":"faqs","status":"publish","type":"page","link":"https:\/\/monnetpayments.com\/en\/faqs\/","title":{"rendered":"FAQs"},"content":{"rendered":"<div data-elementor-type=\"wp-page\" data-elementor-id=\"3748\" class=\"elementor elementor-3748\" data-elementor-post-type=\"page\">\n\t\t\t\t\t\t<section class=\"elementor-section elementor-top-section elementor-element elementor-element-24775ef1 elementor-section-full_width elementor-section-height-min-height elementor-section-content-middle elementor-section-height-default elementor-section-items-middle\" data-id=\"24775ef1\" data-element_type=\"section\" data-e-type=\"section\" data-settings=\"{&quot;background_background&quot;:&quot;classic&quot;}\">\n\t\t\t\t\t\t\t<div class=\"elementor-background-overlay\"><\/div>\n\t\t\t\t\t\t\t<div class=\"elementor-container elementor-column-gap-default\">\n\t\t\t\t\t<div class=\"elementor-column elementor-col-100 elementor-top-column elementor-element elementor-element-139031f6 col-right\" data-id=\"139031f6\" data-element_type=\"column\" data-e-type=\"column\" data-settings=\"{&quot;background_background&quot;:&quot;classic&quot;}\">\n\t\t\t<div class=\"elementor-widget-wrap elementor-element-populated\">\n\t\t\t\t\t\t<section class=\"elementor-section elementor-inner-section elementor-element elementor-element-5e5bec11 elementor-section-boxed elementor-section-height-default elementor-section-height-default\" data-id=\"5e5bec11\" data-element_type=\"section\" data-e-type=\"section\">\n\t\t\t\t\t\t<div class=\"elementor-container elementor-column-gap-default\">\n\t\t\t\t\t<div class=\"elementor-column elementor-col-50 elementor-inner-column elementor-element elementor-element-2b37f979\" data-id=\"2b37f979\" data-element_type=\"column\" data-e-type=\"column\">\n\t\t\t<div class=\"elementor-widget-wrap\">\n\t\t\t\t\t\t\t<\/div>\n\t\t<\/div>\n\t\t\t\t<div class=\"elementor-column elementor-col-50 elementor-inner-column elementor-element elementor-element-807860d\" data-id=\"807860d\" data-element_type=\"column\" data-e-type=\"column\">\n\t\t\t<div class=\"elementor-widget-wrap elementor-element-populated\">\n\t\t\t\t\t\t<div class=\"elementor-element elementor-element-46c00281 elementor-widget elementor-widget-heading\" data-id=\"46c00281\" data-element_type=\"widget\" data-e-type=\"widget\" data-widget_type=\"heading.default\">\n\t\t\t\t<div class=\"elementor-widget-container\">\n\t\t\t\t\t<h2 class=\"elementor-heading-title elementor-size-default\">FAQs<\/h2>\t\t\t\t<\/div>\n\t\t\t\t<\/div>\n\t\t\t\t<div class=\"elementor-element elementor-element-14e5a4c6 elementor-widget-divider--view-line elementor-widget elementor-widget-divider\" data-id=\"14e5a4c6\" data-element_type=\"widget\" data-e-type=\"widget\" data-widget_type=\"divider.default\">\n\t\t\t\t<div class=\"elementor-widget-container\">\n\t\t\t\t\t\t\t<div class=\"elementor-divider\">\n\t\t\t<span class=\"elementor-divider-separator\">\n\t\t\t\t\t\t<\/span>\n\t\t<\/div>\n\t\t\t\t\t\t<\/div>\n\t\t\t\t<\/div>\n\t\t\t\t\t<\/div>\n\t\t<\/div>\n\t\t\t\t\t<\/div>\n\t\t<\/section>\n\t\t\t\t\t<\/div>\n\t\t<\/div>\n\t\t\t\t\t<\/div>\n\t\t<\/section>\n\t\t\t\t<section class=\"elementor-section elementor-top-section elementor-element elementor-element-d152ac0 elementor-section-boxed elementor-section-height-default elementor-section-height-default\" data-id=\"d152ac0\" data-element_type=\"section\" data-e-type=\"section\">\n\t\t\t\t\t\t<div class=\"elementor-container elementor-column-gap-default\">\n\t\t\t\t\t<div class=\"elementor-column elementor-col-100 elementor-top-column elementor-element elementor-element-9b9dcf5\" data-id=\"9b9dcf5\" data-element_type=\"column\" data-e-type=\"column\">\n\t\t\t<div class=\"elementor-widget-wrap elementor-element-populated\">\n\t\t\t\t\t\t<div class=\"elementor-element elementor-element-91ffec1 elementor-widget elementor-widget-text-editor\" data-id=\"91ffec1\" data-element_type=\"widget\" data-e-type=\"widget\" data-widget_type=\"text-editor.default\">\n\t\t\t\t<div class=\"elementor-widget-container\">\n\t\t\t\t\t\t\t\t\t<p><b>HOW CAN I CONTACT MONNET PAYMENTS?<\/b><\/p>\n<p><span style=\"font-weight: 400;\">You should send an email to our Support team, at the following email address: support@monnetpayments.com&nbsp;<\/span><\/p>\n<p><b>&nbsp;<\/b><b><br><\/b><b>HOW CAN I KEEP TRACK OF INCIDENTS OR INTERMITTENCIES IN MONNET'S SERVICE?<\/b><\/p>\n<p><span style=\"font-weight: 400;\">You can follow incidents on our Status Page: https:\/\/monnetpayments.freshstatus.io\/&nbsp;<\/span><\/p>\n<p><b>&nbsp;<\/b><b><br><\/b><b>MY PAYMENT WAS DEDUCTED FROM MY BANK ACCOUNT BUT I DID NOT RECEIVE CONFIRMATION FROM THE MERCHANT. WHAT SHOULD I DO?<\/b><\/p>\n<p><span style=\"font-weight: 400;\">If the deposit amount was deducted from your bank account, but the payment has not yet been confirmed on the website where you made the purchase, please contact us, sending the complete payment receipt along with the email of the registered user on the platform. \nPlease note that even if Monnet verifies the payment, it may take a few hours for the website to confirm it and for it to be reflected in your account.&nbsp;<\/span><\/p>\n<p><span style=\"font-weight: 400;\">Ten en cuenta que incluso si Monnet verifica el pago, es posible que el sitio web tarde algunas horas en confirmarlo y que se vea reflejado en tu cuenta.<\/span><\/p>\n<p><b>&nbsp;<\/b><b><br><\/b><b>I MADE THE DEPOSIT WITH AN INCORRECT PAYMENT CODE, WHAT SHOULD I DO?<\/b><\/p>\n<p><span style=\"font-weight: 400;\">You must send us the complete payment receipt showing the code you used. You must also tell us the correct code.<\/span><\/p>\n<p><b>&nbsp;<\/b><b><br><\/b><b>I GENERATED A PAYMENT ORDER, BUT I AM NOT GOING TO MAKE THE DEPOSIT. HOW CAN I CANCEL THE PAYMENT?<\/b><\/p>\n<p><span style=\"font-weight: 400;\">The payment orders generated and not paid are automatically cancelled after the payment time expires, without generating any additional cost. And to make a new purchase, you just have to enter the desired website and generate a new order.<\/span><\/p>\n<p><b>&nbsp;<\/b><b><br><\/b><b>I DID NOT RECEIVE A RESPONSE FROM THE PLATFORM WHERE I MADE THE PURCHASE, WHAT SHOULD I DO?<\/b><\/p>\n<p><span style=\"font-weight: 400;\">Whenever a message is sent to the website, it is best to wait a period of 5 to 7 business days to receive a response. After this period, you can contact us so that we can provide you with support by forwarding your request to the&nbsp;<\/span><span style=\"color: var( --e-global-color-primary ); font-family: var( --e-global-typography-text-font-family ), Sans-serif; font-weight: var( --e-global-typography-text-font-weight ); font-size: 1rem;\">your request to the Commerce contact channels.<\/span><span style=\"color: var( --e-global-color-primary ); font-family: var( --e-global-typography-text-font-family ), Sans-serif; font-size: 1rem;\">&nbsp;<\/span><\/p>\n<p><b>&nbsp;<\/b><\/p>\n<p><b>DO I NEED TO SEND PROOF OF PAYMENT AFTER MAKING THE DEPOSIT?<\/b><\/p>\n<p><span style=\"font-weight: 400;\">No, deposits are processed automatically within the timeframe indicated for each payment method.<\/span><\/p>\n<p><b>&nbsp;<\/b><\/p>\n<p><b>I NEED PROOF OF MY PURCHASE, HOW CAN I GET IT?<\/b><\/p>\n<p><span style=\"font-weight: 400;\">Monnet Payments is not the one who offers the product or service, we are the payment processor, so we do not issue invoices or receipts of any kind.<\/span><\/p>\n<p><span style=\"font-weight: 400;\">When you make a payment, your bank or the cashier where you make the transaction must give you a payment receipt with all the details.<\/span><\/p>\n<p><b>&nbsp;<\/b><\/p>\n<p><b>HOW TO ASK FOR A REFUND?<\/b><\/p>\n<p><span style=\"font-weight: 400;\">Monnet acts as a payment intermediary. Therefore, to request a refund, you must first contact the support team of the website where you made the purchase so that they can issue the authorization to us.<\/span><\/p>\n<p><b>&nbsp;<\/b><\/p>\n<p><b>I DON'T RECOGNIZE THE DISCOUNT IN MY BANK ACCOUNT, WHAT SHOULD I DO?<\/b><\/p>\n<p><span style=\"font-weight: 400;\">Debe comunicarse con su entidad bancaria para que le brinden los detalles del pago, y emitan la comunicaci\u00f3n correspondiente. A su vez, puede enviar un correo a nuestro equipo de soporte para que le brindemos apoyo<\/span><\/p>\t\t\t\t\t\t\t\t<\/div>\n\t\t\t\t<\/div>\n\t\t\t\t\t<\/div>\n\t\t<\/div>\n\t\t\t\t\t<\/div>\n\t\t<\/section>\n\t\t\t\t<\/div>","protected":false},"excerpt":{"rendered":"<p>FAQs \u00bfC\u00d3MO PUEDO CONTACTAR A MONNET PAYMENTS? Debe enviar un correo a nuestro equipo de Soporte, a la siguiente direcci\u00f3n electr\u00f3nica: support@monnetpayments.com&nbsp; &nbsp;\u00bfCOMO PUEDO ESTAR AL TANTO DE LOS INCIDENTES O INTERMITENCIAS EN EL SERVICIO DE MONNET? Puede seguir las incidencias en nuestro Status Page: https:\/\/monnetpayments.freshstatus.io\/&nbsp; &nbsp;MI PAGO SE DESCONT\u00d3 DE MI CUENTA BANCARIA, PERO [&hellip;]<\/p>","protected":false},"author":6,"featured_media":0,"parent":0,"menu_order":0,"comment_status":"closed","ping_status":"closed","template":"","meta":{"_acf_changed":false,"footnotes":""},"class_list":["post-3748","page","type-page","status-publish","hentry"],"acf":[],"_links":{"self":[{"href":"https:\/\/monnetpayments.com\/en\/wp-json\/wp\/v2\/pages\/3748","targetHints":{"allow":["GET"]}}],"collection":[{"href":"https:\/\/monnetpayments.com\/en\/wp-json\/wp\/v2\/pages"}],"about":[{"href":"https:\/\/monnetpayments.com\/en\/wp-json\/wp\/v2\/types\/page"}],"author":[{"embeddable":true,"href":"https:\/\/monnetpayments.com\/en\/wp-json\/wp\/v2\/users\/6"}],"replies":[{"embeddable":true,"href":"https:\/\/monnetpayments.com\/en\/wp-json\/wp\/v2\/comments?post=3748"}],"version-history":[{"count":10,"href":"https:\/\/monnetpayments.com\/en\/wp-json\/wp\/v2\/pages\/3748\/revisions"}],"predecessor-version":[{"id":5430,"href":"https:\/\/monnetpayments.com\/en\/wp-json\/wp\/v2\/pages\/3748\/revisions\/5430"}],"wp:attachment":[{"href":"https:\/\/monnetpayments.com\/en\/wp-json\/wp\/v2\/media?parent=3748"}],"curies":[{"name":"wp","href":"https:\/\/api.w.org\/{rel}","templated":true}]}}